{"id":2246,"date":"2025-07-14T14:01:08","date_gmt":"2025-07-14T06:01:08","guid":{"rendered":"http:\/\/www.partsandsensors.com\/?post_type=product&#038;p=2246"},"modified":"2025-07-14T17:35:25","modified_gmt":"2025-07-14T09:35:25","slug":"bis-quatro-brain-monitoring-sensor-186-0106","status":"publish","type":"product","link":"http:\/\/www.partsandsensors.com\/es\/producto\/bis-quatro-brain-monitoring-sensor-186-0106","title":{"rendered":"BIS QUATRO SENSOR DE MONITORIZACI\u00d3N CEREBRAL 186-0106"},"content":{"rendered":"<p><img loading=\"lazy\" decoding=\"async\" class=\"alignnone wp-image-2217\" src=\"http:\/\/www.partsandsensors.com\/wp-content\/uploads\/2025\/07\/Technical-Specifications-1024x69.png\" alt=\"\" width=\"800\" height=\"54\" srcset=\"http:\/\/www.partsandsensors.com\/wp-content\/uploads\/2025\/07\/Technical-Specifications-1024x69.png 1024w, http:\/\/www.partsandsensors.com\/wp-content\/uploads\/2025\/07\/Technical-Specifications-300x20.png 300w, http:\/\/www.partsandsensors.com\/wp-content\/uploads\/2025\/07\/Technical-Specifications-768x52.png 768w, http:\/\/www.partsandsensors.com\/wp-content\/uploads\/2025\/07\/Technical-Specifications-1536x103.png 1536w, http:\/\/www.partsandsensors.com\/wp-content\/uploads\/2025\/07\/Technical-Specifications-2048x138.png 2048w, http:\/\/www.partsandsensors.com\/wp-content\/uploads\/2025\/07\/Technical-Specifications-18x1.png 18w, http:\/\/www.partsandsensors.com\/wp-content\/uploads\/2025\/07\/Technical-Specifications-1170x79.png 1170w, http:\/\/www.partsandsensors.com\/wp-content\/uploads\/2025\/07\/Technical-Specifications-600x40.png 600w\" sizes=\"auto, (max-width: 800px) 100vw, 800px\" \/><\/p>\n<ul>\n<li>El conector proporciona una conexi\u00f3n segura con un bot\u00f3n pulsador.<\/li>\n<li>La tecnolog\u00eda Zipprep de autopreparaci\u00f3n garantiza un buen contacto con la piel y una calidad \u00f3ptima de la se\u00f1al.<\/li>\n<li>La leng\u00fceta m\u00e1s larga, combinada con el conector PIC engomado, proporciona una mayor comodidad, especialmente en pacientes en dec\u00fabito prono.<\/li>\n<li>El cuarto elemento sensor ayuda a capturar, reconocer y descartar artefactos.<\/li>\n<li>Dise\u00f1o flexible que se ajusta a diferentes tama\u00f1os de cabeza.<\/li>\n<li data-spm-anchor-id=\"a2700.details-description.0.i1.68914KXr4KXrM2\">Sin l\u00e1tex.<\/li>\n<li>\u00a0Dimensiones del sensor 11 pulg. x 1,1 pulg. (aprox.).<\/li>\n<li>Peso 3,7 g (aprox.).<\/li>\n<li>Peso (envasado) 16,8 g (aprox.).<\/li>\n<li data-spm-anchor-id=\"a2700.details-description.0.i3.68914KXr4KXrM2\">Embalaje 25 sensores embalados individualmente por caja.<\/li>\n<li data-spm-anchor-id=\"a2700.details-description.0.i2.68914KXr4KXrM2\"><span data-spm-anchor-id=\"a2700.details-description.0.i5.68914KXr4KXrM2\">Caducidad Un a\u00f1o y medio a partir de la fecha de fabricaci\u00f3n<\/span><\/li>\n<\/ul>\n<p>&nbsp;<\/p>\n<p><img loading=\"lazy\" decoding=\"async\" class=\"alignnone wp-image-2214\" src=\"http:\/\/www.partsandsensors.com\/wp-content\/uploads\/2025\/07\/Detail-Photos-1024x69.png\" alt=\"\" width=\"800\" height=\"54\" srcset=\"http:\/\/www.partsandsensors.com\/wp-content\/uploads\/2025\/07\/Detail-Photos-1024x69.png 1024w, http:\/\/www.partsandsensors.com\/wp-content\/uploads\/2025\/07\/Detail-Photos-300x20.png 300w, http:\/\/www.partsandsensors.com\/wp-content\/uploads\/2025\/07\/Detail-Photos-768x52.png 768w, http:\/\/www.partsandsensors.com\/wp-content\/uploads\/2025\/07\/Detail-Photos-1536x103.png 1536w, http:\/\/www.partsandsensors.com\/wp-content\/uploads\/2025\/07\/Detail-Photos-2048x138.png 2048w, http:\/\/www.partsandsensors.com\/wp-content\/uploads\/2025\/07\/Detail-Photos-18x1.png 18w, http:\/\/www.partsandsensors.com\/wp-content\/uploads\/2025\/07\/Detail-Photos-1170x79.png 1170w, http:\/\/www.partsandsensors.com\/wp-content\/uploads\/2025\/07\/Detail-Photos-600x40.png 600w\" sizes=\"auto, (max-width: 800px) 100vw, 800px\" \/><\/p>\n<p><img loading=\"lazy\" decoding=\"async\" class=\"alignnone wp-image-2267\" src=\"http:\/\/www.partsandsensors.com\/wp-content\/uploads\/2025\/07\/186-0106-4.jpg\" alt=\"\" width=\"600\" height=\"600\" srcset=\"http:\/\/www.partsandsensors.com\/wp-content\/uploads\/2025\/07\/186-0106-4.jpg 1000w, http:\/\/www.partsandsensors.com\/wp-content\/uploads\/2025\/07\/186-0106-4-300x300.jpg 300w, http:\/\/www.partsandsensors.com\/wp-content\/uploads\/2025\/07\/186-0106-4-150x150.jpg 150w, http:\/\/www.partsandsensors.com\/wp-content\/uploads\/2025\/07\/186-0106-4-768x768.jpg 768w, http:\/\/www.partsandsensors.com\/wp-content\/uploads\/2025\/07\/186-0106-4-12x12.jpg 12w, http:\/\/www.partsandsensors.com\/wp-content\/uploads\/2025\/07\/186-0106-4-600x600.jpg 600w\" sizes=\"auto, (max-width: 600px) 100vw, 600px\" \/> <img loading=\"lazy\" decoding=\"async\" class=\"alignnone wp-image-2248\" src=\"http:\/\/www.partsandsensors.com\/wp-content\/uploads\/2025\/07\/186-0106-2-300x300.jpg\" alt=\"\" width=\"600\" height=\"600\" srcset=\"http:\/\/www.partsandsensors.com\/wp-content\/uploads\/2025\/07\/186-0106-2-300x300.jpg 300w, http:\/\/www.partsandsensors.com\/wp-content\/uploads\/2025\/07\/186-0106-2-150x150.jpg 150w, http:\/\/www.partsandsensors.com\/wp-content\/uploads\/2025\/07\/186-0106-2-768x768.jpg 768w, http:\/\/www.partsandsensors.com\/wp-content\/uploads\/2025\/07\/186-0106-2-12x12.jpg 12w, http:\/\/www.partsandsensors.com\/wp-content\/uploads\/2025\/07\/186-0106-2-600x600.jpg 600w, http:\/\/www.partsandsensors.com\/wp-content\/uploads\/2025\/07\/186-0106-2.jpg 1000w\" sizes=\"auto, (max-width: 600px) 100vw, 600px\" \/><\/p>\n<p><img loading=\"lazy\" decoding=\"async\" class=\"alignnone wp-image-2220\" src=\"http:\/\/www.partsandsensors.com\/wp-content\/uploads\/2025\/07\/Payment-1024x69.png\" alt=\"\" width=\"800\" height=\"54\" srcset=\"http:\/\/www.partsandsensors.com\/wp-content\/uploads\/2025\/07\/Payment-1024x69.png 1024w, http:\/\/www.partsandsensors.com\/wp-content\/uploads\/2025\/07\/Payment-300x20.png 300w, http:\/\/www.partsandsensors.com\/wp-content\/uploads\/2025\/07\/Payment-768x52.png 768w, http:\/\/www.partsandsensors.com\/wp-content\/uploads\/2025\/07\/Payment-1536x103.png 1536w, http:\/\/www.partsandsensors.com\/wp-content\/uploads\/2025\/07\/Payment-2048x138.png 2048w, http:\/\/www.partsandsensors.com\/wp-content\/uploads\/2025\/07\/Payment-18x1.png 18w, http:\/\/www.partsandsensors.com\/wp-content\/uploads\/2025\/07\/Payment-1170x79.png 1170w, http:\/\/www.partsandsensors.com\/wp-content\/uploads\/2025\/07\/Payment-600x40.png 600w\" sizes=\"auto, (max-width: 800px) 100vw, 800px\" \/><\/p>\n<p>Aceptamos pagos mediante TT (transferencia telegr\u00e1fica) y L\/C. Se requiere una cantidad m\u00ednima para L\/C. Para pedidos peque\u00f1os de<\/p>\n<p>muestras, es aceptable por Western Union, PayPal y Money gram<\/p>\n<p><img loading=\"lazy\" decoding=\"async\" class=\"alignnone wp-image-2216\" src=\"http:\/\/www.partsandsensors.com\/wp-content\/uploads\/2025\/07\/Shipment-1024x69.png\" alt=\"\" width=\"800\" height=\"54\" srcset=\"http:\/\/www.partsandsensors.com\/wp-content\/uploads\/2025\/07\/Shipment-1024x69.png 1024w, http:\/\/www.partsandsensors.com\/wp-content\/uploads\/2025\/07\/Shipment-300x20.png 300w, http:\/\/www.partsandsensors.com\/wp-content\/uploads\/2025\/07\/Shipment-768x52.png 768w, http:\/\/www.partsandsensors.com\/wp-content\/uploads\/2025\/07\/Shipment-1536x103.png 1536w, http:\/\/www.partsandsensors.com\/wp-content\/uploads\/2025\/07\/Shipment-2048x138.png 2048w, http:\/\/www.partsandsensors.com\/wp-content\/uploads\/2025\/07\/Shipment-18x1.png 18w, http:\/\/www.partsandsensors.com\/wp-content\/uploads\/2025\/07\/Shipment-1170x79.png 1170w, http:\/\/www.partsandsensors.com\/wp-content\/uploads\/2025\/07\/Shipment-600x40.png 600w\" sizes=\"auto, (max-width: 800px) 100vw, 800px\" \/><\/p>\n<p><img loading=\"lazy\" decoding=\"async\" class=\"alignnone wp-image-2219\" src=\"http:\/\/www.partsandsensors.com\/wp-content\/uploads\/2025\/07\/112985e95bd81b104d011723cbed761d-768x1024.png\" alt=\"\" width=\"600\" height=\"800\" srcset=\"http:\/\/www.partsandsensors.com\/wp-content\/uploads\/2025\/07\/112985e95bd81b104d011723cbed761d-768x1024.png 768w, http:\/\/www.partsandsensors.com\/wp-content\/uploads\/2025\/07\/112985e95bd81b104d011723cbed761d-225x300.png 225w, http:\/\/www.partsandsensors.com\/wp-content\/uploads\/2025\/07\/112985e95bd81b104d011723cbed761d-9x12.png 9w, http:\/\/www.partsandsensors.com\/wp-content\/uploads\/2025\/07\/112985e95bd81b104d011723cbed761d-600x800.png 600w, http:\/\/www.partsandsensors.com\/wp-content\/uploads\/2025\/07\/112985e95bd81b104d011723cbed761d.png 800w\" sizes=\"auto, (max-width: 600px) 100vw, 600px\" \/><\/p>\n<p><img loading=\"lazy\" decoding=\"async\" class=\"alignnone wp-image-2215\" src=\"http:\/\/www.partsandsensors.com\/wp-content\/uploads\/2025\/07\/Our-Factory3-1-1024x69.png\" alt=\"\" width=\"800\" height=\"54\" srcset=\"http:\/\/www.partsandsensors.com\/wp-content\/uploads\/2025\/07\/Our-Factory3-1-1024x69.png 1024w, http:\/\/www.partsandsensors.com\/wp-content\/uploads\/2025\/07\/Our-Factory3-1-300x20.png 300w, http:\/\/www.partsandsensors.com\/wp-content\/uploads\/2025\/07\/Our-Factory3-1-768x52.png 768w, http:\/\/www.partsandsensors.com\/wp-content\/uploads\/2025\/07\/Our-Factory3-1-1536x103.png 1536w, http:\/\/www.partsandsensors.com\/wp-content\/uploads\/2025\/07\/Our-Factory3-1-2048x138.png 2048w, http:\/\/www.partsandsensors.com\/wp-content\/uploads\/2025\/07\/Our-Factory3-1-18x1.png 18w, http:\/\/www.partsandsensors.com\/wp-content\/uploads\/2025\/07\/Our-Factory3-1-1170x79.png 1170w, http:\/\/www.partsandsensors.com\/wp-content\/uploads\/2025\/07\/Our-Factory3-1-600x40.png 600w\" sizes=\"auto, (max-width: 800px) 100vw, 800px\" \/><\/p>\n<p><img loading=\"lazy\" decoding=\"async\" class=\"alignnone wp-image-2221\" src=\"http:\/\/www.partsandsensors.com\/wp-content\/uploads\/2025\/07\/Company.jpg\" alt=\"\" width=\"750\" height=\"750\" srcset=\"http:\/\/www.partsandsensors.com\/wp-content\/uploads\/2025\/07\/Company.jpg 1002w, http:\/\/www.partsandsensors.com\/wp-content\/uploads\/2025\/07\/Company-300x300.jpg 300w, http:\/\/www.partsandsensors.com\/wp-content\/uploads\/2025\/07\/Company-150x150.jpg 150w, http:\/\/www.partsandsensors.com\/wp-content\/uploads\/2025\/07\/Company-768x768.jpg 768w, http:\/\/www.partsandsensors.com\/wp-content\/uploads\/2025\/07\/Company-12x12.jpg 12w, http:\/\/www.partsandsensors.com\/wp-content\/uploads\/2025\/07\/Company-600x600.jpg 600w\" sizes=\"auto, (max-width: 750px) 100vw, 750px\" \/> <img loading=\"lazy\" decoding=\"async\" class=\"alignnone wp-image-2222\" src=\"http:\/\/www.partsandsensors.com\/wp-content\/uploads\/2025\/07\/Company-1.jpg\" alt=\"\" width=\"750\" height=\"750\" srcset=\"http:\/\/www.partsandsensors.com\/wp-content\/uploads\/2025\/07\/Company-1.jpg 1002w, http:\/\/www.partsandsensors.com\/wp-content\/uploads\/2025\/07\/Company-1-300x300.jpg 300w, http:\/\/www.partsandsensors.com\/wp-content\/uploads\/2025\/07\/Company-1-150x150.jpg 150w, http:\/\/www.partsandsensors.com\/wp-content\/uploads\/2025\/07\/Company-1-768x768.jpg 768w, http:\/\/www.partsandsensors.com\/wp-content\/uploads\/2025\/07\/Company-1-12x12.jpg 12w, http:\/\/www.partsandsensors.com\/wp-content\/uploads\/2025\/07\/Company-1-600x600.jpg 600w\" sizes=\"auto, (max-width: 750px) 100vw, 750px\" \/> <img loading=\"lazy\" decoding=\"async\" class=\"alignnone wp-image-2223\" src=\"http:\/\/www.partsandsensors.com\/wp-content\/uploads\/2025\/07\/Company-2.jpg\" alt=\"\" width=\"750\" height=\"750\" srcset=\"http:\/\/www.partsandsensors.com\/wp-content\/uploads\/2025\/07\/Company-2.jpg 1002w, http:\/\/www.partsandsensors.com\/wp-content\/uploads\/2025\/07\/Company-2-300x300.jpg 300w, http:\/\/www.partsandsensors.com\/wp-content\/uploads\/2025\/07\/Company-2-150x150.jpg 150w, http:\/\/www.partsandsensors.com\/wp-content\/uploads\/2025\/07\/Company-2-768x768.jpg 768w, http:\/\/www.partsandsensors.com\/wp-content\/uploads\/2025\/07\/Company-2-12x12.jpg 12w, http:\/\/www.partsandsensors.com\/wp-content\/uploads\/2025\/07\/Company-2-600x600.jpg 600w\" sizes=\"auto, (max-width: 750px) 100vw, 750px\" \/><\/p>","protected":false},"excerpt":{"rendered":"<p>BIS QUATRO SENSOR DE MONITORIZACI\u00d3N CEREBRAL 186-0106<\/p>","protected":false},"featured_media":2248,"comment_status":"open","ping_status":"closed","template":"","meta":[],"product_brand":[],"product_cat":[113,73],"product_tag":[],"class_list":{"0":"post-2246","1":"product","2":"type-product","3":"status-publish","4":"has-post-thumbnail","6":"product_cat-bis","7":"product_cat-patient-monitor-accessories","9":"first","10":"instock","11":"shipping-taxable","12":"purchasable","13":"product-type-simple"},"yoast_head":"<!-- This site is optimized with the Yoast SEO plugin v25.9 - https:\/\/yoast.com\/wordpress\/plugins\/seo\/ -->\n<title>BIS QUATRO BRAIN MONITORING SENSOR 186-0106 - SINO-K Medical<\/title>\n<meta name=\"robots\" content=\"index, follow, max-snippet:-1, max-image-preview:large, max-video-preview:-1\" \/>\n<link rel=\"canonical\" href=\"http:\/\/www.partsandsensors.com\/es\/producto\/bis-quatro-brain-monitoring-sensor-186-0106\/\" \/>\n<meta property=\"og:locale\" content=\"es_ES\" \/>\n<meta property=\"og:type\" content=\"article\" \/>\n<meta property=\"og:title\" content=\"BIS QUATRO BRAIN MONITORING SENSOR 186-0106 - SINO-K Medical\" \/>\n<meta property=\"og:description\" content=\"BIS QUATRO BRAIN MONITORING SENSOR 186-0106\" \/>\n<meta property=\"og:url\" content=\"http:\/\/www.partsandsensors.com\/es\/producto\/bis-quatro-brain-monitoring-sensor-186-0106\/\" \/>\n<meta property=\"og:site_name\" content=\"SINO-K Medical\" \/>\n<meta property=\"article:modified_time\" content=\"2025-07-14T09:35:25+00:00\" \/>\n<meta property=\"og:image\" content=\"http:\/\/www.partsandsensors.com\/wp-content\/uploads\/2025\/07\/186-0106-2.jpg\" \/>\n\t<meta property=\"og:image:width\" content=\"1000\" \/>\n\t<meta property=\"og:image:height\" content=\"1000\" \/>\n\t<meta property=\"og:image:type\" content=\"image\/jpeg\" \/>\n<meta name=\"twitter:card\" content=\"summary_large_image\" \/>\n<meta name=\"twitter:label1\" content=\"Tiempo de lectura\" \/>\n\t<meta name=\"twitter:data1\" content=\"4 minutos\" \/>\n<script type=\"application\/ld+json\" class=\"yoast-schema-graph\">{\"@context\":\"https:\/\/schema.org\",\"@graph\":[{\"@type\":\"WebPage\",\"@id\":\"http:\/\/www.partsandsensors.com\/product\/bis-quatro-brain-monitoring-sensor-186-0106\",\"url\":\"http:\/\/www.partsandsensors.com\/product\/bis-quatro-brain-monitoring-sensor-186-0106\",\"name\":\"BIS QUATRO BRAIN MONITORING SENSOR 186-0106 - SINO-K Medical\",\"isPartOf\":{\"@id\":\"http:\/\/www.partsandsensors.com\/#website\"},\"primaryImageOfPage\":{\"@id\":\"http:\/\/www.partsandsensors.com\/product\/bis-quatro-brain-monitoring-sensor-186-0106#primaryimage\"},\"image\":{\"@id\":\"http:\/\/www.partsandsensors.com\/product\/bis-quatro-brain-monitoring-sensor-186-0106#primaryimage\"},\"thumbnailUrl\":\"http:\/\/www.partsandsensors.com\/wp-content\/uploads\/2025\/07\/186-0106-2.jpg\",\"datePublished\":\"2025-07-14T06:01:08+00:00\",\"dateModified\":\"2025-07-14T09:35:25+00:00\",\"breadcrumb\":{\"@id\":\"http:\/\/www.partsandsensors.com\/product\/bis-quatro-brain-monitoring-sensor-186-0106#breadcrumb\"},\"inLanguage\":\"es\",\"potentialAction\":[{\"@type\":\"ReadAction\",\"target\":[\"http:\/\/www.partsandsensors.com\/product\/bis-quatro-brain-monitoring-sensor-186-0106\"]}]},{\"@type\":\"ImageObject\",\"inLanguage\":\"es\",\"@id\":\"http:\/\/www.partsandsensors.com\/product\/bis-quatro-brain-monitoring-sensor-186-0106#primaryimage\",\"url\":\"http:\/\/www.partsandsensors.com\/wp-content\/uploads\/2025\/07\/186-0106-2.jpg\",\"contentUrl\":\"http:\/\/www.partsandsensors.com\/wp-content\/uploads\/2025\/07\/186-0106-2.jpg\",\"width\":1000,\"height\":1000},{\"@type\":\"BreadcrumbList\",\"@id\":\"http:\/\/www.partsandsensors.com\/product\/bis-quatro-brain-monitoring-sensor-186-0106#breadcrumb\",\"itemListElement\":[{\"@type\":\"ListItem\",\"position\":1,\"name\":\"Home\",\"item\":\"http:\/\/www.partsandsensors.com\/\"},{\"@type\":\"ListItem\",\"position\":2,\"name\":\"\u5546\u5e97\",\"item\":\"http:\/\/www.partsandsensors.com\/shop\"},{\"@type\":\"ListItem\",\"position\":3,\"name\":\"BIS QUATRO BRAIN MONITORING SENSOR 186-0106\"}]},{\"@type\":\"WebSite\",\"@id\":\"http:\/\/www.partsandsensors.com\/#website\",\"url\":\"http:\/\/www.partsandsensors.com\/\",\"name\":\"SINO-K Medical\",\"description\":\"Original parts and Sensor\",\"potentialAction\":[{\"@type\":\"SearchAction\",\"target\":{\"@type\":\"EntryPoint\",\"urlTemplate\":\"http:\/\/www.partsandsensors.com\/?s={search_term_string}\"},\"query-input\":{\"@type\":\"PropertyValueSpecification\",\"valueRequired\":true,\"valueName\":\"search_term_string\"}}],\"inLanguage\":\"es\"}]}<\/script>\n<!-- \/ Yoast SEO plugin. -->","yoast_head_json":{"title":"BIS QUATRO BRAIN MONITORING SENSOR 186-0106 - SINO-K Medical","robots":{"index":"index","follow":"follow","max-snippet":"max-snippet:-1","max-image-preview":"max-image-preview:large","max-video-preview":"max-video-preview:-1"},"canonical":"http:\/\/www.partsandsensors.com\/es\/producto\/bis-quatro-brain-monitoring-sensor-186-0106\/","og_locale":"es_ES","og_type":"article","og_title":"BIS QUATRO BRAIN MONITORING SENSOR 186-0106 - SINO-K Medical","og_description":"BIS QUATRO BRAIN MONITORING SENSOR 186-0106","og_url":"http:\/\/www.partsandsensors.com\/es\/producto\/bis-quatro-brain-monitoring-sensor-186-0106\/","og_site_name":"SINO-K Medical","article_modified_time":"2025-07-14T09:35:25+00:00","og_image":[{"width":1000,"height":1000,"url":"http:\/\/www.partsandsensors.com\/wp-content\/uploads\/2025\/07\/186-0106-2.jpg","type":"image\/jpeg"}],"twitter_card":"summary_large_image","twitter_misc":{"Tiempo de lectura":"4 minutos"},"schema":{"@context":"https:\/\/schema.org","@graph":[{"@type":"WebPage","@id":"http:\/\/www.partsandsensors.com\/product\/bis-quatro-brain-monitoring-sensor-186-0106","url":"http:\/\/www.partsandsensors.com\/product\/bis-quatro-brain-monitoring-sensor-186-0106","name":"BIS QUATRO BRAIN MONITORING SENSOR 186-0106 - SINO-K Medical","isPartOf":{"@id":"http:\/\/www.partsandsensors.com\/#website"},"primaryImageOfPage":{"@id":"http:\/\/www.partsandsensors.com\/product\/bis-quatro-brain-monitoring-sensor-186-0106#primaryimage"},"image":{"@id":"http:\/\/www.partsandsensors.com\/product\/bis-quatro-brain-monitoring-sensor-186-0106#primaryimage"},"thumbnailUrl":"http:\/\/www.partsandsensors.com\/wp-content\/uploads\/2025\/07\/186-0106-2.jpg","datePublished":"2025-07-14T06:01:08+00:00","dateModified":"2025-07-14T09:35:25+00:00","breadcrumb":{"@id":"http:\/\/www.partsandsensors.com\/product\/bis-quatro-brain-monitoring-sensor-186-0106#breadcrumb"},"inLanguage":"es","potentialAction":[{"@type":"ReadAction","target":["http:\/\/www.partsandsensors.com\/product\/bis-quatro-brain-monitoring-sensor-186-0106"]}]},{"@type":"ImageObject","inLanguage":"es","@id":"http:\/\/www.partsandsensors.com\/product\/bis-quatro-brain-monitoring-sensor-186-0106#primaryimage","url":"http:\/\/www.partsandsensors.com\/wp-content\/uploads\/2025\/07\/186-0106-2.jpg","contentUrl":"http:\/\/www.partsandsensors.com\/wp-content\/uploads\/2025\/07\/186-0106-2.jpg","width":1000,"height":1000},{"@type":"BreadcrumbList","@id":"http:\/\/www.partsandsensors.com\/product\/bis-quatro-brain-monitoring-sensor-186-0106#breadcrumb","itemListElement":[{"@type":"ListItem","position":1,"name":"Home","item":"http:\/\/www.partsandsensors.com\/"},{"@type":"ListItem","position":2,"name":"\u5546\u5e97","item":"http:\/\/www.partsandsensors.com\/shop"},{"@type":"ListItem","position":3,"name":"BIS QUATRO BRAIN MONITORING SENSOR 186-0106"}]},{"@type":"WebSite","@id":"http:\/\/www.partsandsensors.com\/#website","url":"http:\/\/www.partsandsensors.com\/","name":"SINO-K M\u00e9dico","description":"Piezas originales y sensor","potentialAction":[{"@type":"SearchAction","target":{"@type":"EntryPoint","urlTemplate":"http:\/\/www.partsandsensors.com\/?s={search_term_string}"},"query-input":{"@type":"PropertyValueSpecification","valueRequired":true,"valueName":"search_term_string"}}],"inLanguage":"es"}]}},"_links":{"self":[{"href":"http:\/\/www.partsandsensors.com\/es\/wp-json\/wp\/v2\/product\/2246","targetHints":{"allow":["GET"]}}],"collection":[{"href":"http:\/\/www.partsandsensors.com\/es\/wp-json\/wp\/v2\/product"}],"about":[{"href":"http:\/\/www.partsandsensors.com\/es\/wp-json\/wp\/v2\/types\/product"}],"replies":[{"embeddable":true,"href":"http:\/\/www.partsandsensors.com\/es\/wp-json\/wp\/v2\/comments?post=2246"}],"wp:featuredmedia":[{"embeddable":true,"href":"http:\/\/www.partsandsensors.com\/es\/wp-json\/wp\/v2\/media\/2248"}],"wp:attachment":[{"href":"http:\/\/www.partsandsensors.com\/es\/wp-json\/wp\/v2\/media?parent=2246"}],"wp:term":[{"taxonomy":"product_brand","embeddable":true,"href":"http:\/\/www.partsandsensors.com\/es\/wp-json\/wp\/v2\/product_brand?post=2246"},{"taxonomy":"product_cat","embeddable":true,"href":"http:\/\/www.partsandsensors.com\/es\/wp-json\/wp\/v2\/product_cat?post=2246"},{"taxonomy":"product_tag","embeddable":true,"href":"http:\/\/www.partsandsensors.com\/es\/wp-json\/wp\/v2\/product_tag?post=2246"}],"curies":[{"name":"wp","href":"https:\/\/api.w.org\/{rel}","templated":true}]}}