{"id":2443,"date":"2025-07-28T10:13:19","date_gmt":"2025-07-28T02:13:19","guid":{"rendered":"http:\/\/www.partsandsensors.com\/?post_type=product&#038;p=2443"},"modified":"2025-07-28T10:13:19","modified_gmt":"2025-07-28T02:13:19","slug":"mindray-ev6204-original-0010-30-42722-12pin-12lead-host-cable-iec","status":"publish","type":"product","link":"http:\/\/www.partsandsensors.com\/es\/producto\/mindray-ev6204-original-0010-30-42722-12pin-12lead-host-cable-iec","title":{"rendered":"Mindray EV6204 Original 0010-30-42722 Cable de host IEC de 12 clavijas y 12 terminales"},"content":{"rendered":"<p><img loading=\"lazy\" decoding=\"async\" class=\"alignnone wp-image-2217\" src=\"http:\/\/www.partsandsensors.com\/wp-content\/uploads\/2025\/07\/Technical-Specifications-1024x69.png\" alt=\"\" width=\"800\" height=\"54\" srcset=\"http:\/\/www.partsandsensors.com\/wp-content\/uploads\/2025\/07\/Technical-Specifications-1024x69.png 1024w, http:\/\/www.partsandsensors.com\/wp-content\/uploads\/2025\/07\/Technical-Specifications-300x20.png 300w, http:\/\/www.partsandsensors.com\/wp-content\/uploads\/2025\/07\/Technical-Specifications-768x52.png 768w, http:\/\/www.partsandsensors.com\/wp-content\/uploads\/2025\/07\/Technical-Specifications-1536x103.png 1536w, http:\/\/www.partsandsensors.com\/wp-content\/uploads\/2025\/07\/Technical-Specifications-2048x138.png 2048w, http:\/\/www.partsandsensors.com\/wp-content\/uploads\/2025\/07\/Technical-Specifications-18x1.png 18w, http:\/\/www.partsandsensors.com\/wp-content\/uploads\/2025\/07\/Technical-Specifications-1170x79.png 1170w, http:\/\/www.partsandsensors.com\/wp-content\/uploads\/2025\/07\/Technical-Specifications-600x40.png 600w\" sizes=\"auto, (max-width: 800px) 100vw, 800px\" \/><\/p>\n<table style=\"width: 74.0738%; height: 735px;\">\n<tbody>\n<tr style=\"height: 33px;\">\n<td style=\"width: 100%; height: 33px;\" width=\"554\">Referencia de pieza OEM:0010-30-42722<\/td>\n<\/tr>\n<tr style=\"height: 109px;\">\n<td style=\"width: 100%; height: 109px;\" width=\"554\">Biocompatibilidad:Todos los materiales de contacto con el paciente est\u00e1n libres de l\u00e1tex y han sido probados seg\u00fan la norma ISO 10993-5,<\/p>\n<p>ISO 10993-10<\/td>\n<\/tr>\n<tr style=\"height: 109px;\">\n<td style=\"width: 100%; height: 109px;\" width=\"554\">Humedad: Funcionamiento\/Almacenamiento\/Transporte 0% a 80% sin condensaci\u00f3n Altitud<\/p>\n<p>Presi\u00f3n hiperb\u00e1rica 86kPa - 106kPa<\/td>\n<\/tr>\n<tr style=\"height: 44px;\">\n<td style=\"width: 100%; height: 44px;\" width=\"554\">Entorno de almacenamiento y transporte: -10\u00b0C~+40\u00b0C<\/td>\n<\/tr>\n<tr style=\"height: 44px;\">\n<td style=\"width: 100%; height: 44px;\" width=\"554\">Temperatura de funcionamiento: +5\u00b0C~+40\u00b0C<\/td>\n<\/tr>\n<tr style=\"height: 44px;\">\n<td style=\"width: 100%; height: 44px;\" width=\"554\">Material: Cable de TPU, clavija chapada en oro<\/td>\n<\/tr>\n<tr style=\"height: 44px;\">\n<td style=\"width: 100%; height: 44px;\" width=\"554\">C\u00f3digo de color:IEC<\/td>\n<\/tr>\n<tr style=\"height: 44px;\">\n<td style=\"width: 100%; height: 44px;\" width=\"554\">Conductores:12 conductores<\/td>\n<\/tr>\n<tr style=\"height: 44px;\">\n<td style=\"width: 100%; height: 44px;\" width=\"554\">Longitud: 2,4 metros<\/td>\n<\/tr>\n<tr style=\"height: 44px;\">\n<td style=\"width: 100%; height: 44px;\" width=\"554\">Embalaje: 1 unidad por bolsa<\/td>\n<\/tr>\n<tr style=\"height: 44px;\">\n<td style=\"width: 100%; height: 44px;\" width=\"554\">MOQ: 1 pieza<\/td>\n<\/tr>\n<tr style=\"height: 44px;\">\n<td style=\"width: 100%; height: 44px;\" width=\"554\">Garant\u00eda: 6 meses<\/td>\n<\/tr>\n<tr style=\"height: 44px;\">\n<td style=\"width: 100%; height: 44px;\" width=\"554\">Servicio OEM: Disponible<\/td>\n<\/tr>\n<tr style=\"height: 44px;\">\n<td style=\"width: 100%; height: 44px;\" width=\"554\">Plazo de entrega: de 1 a 7 d\u00edas<\/td>\n<\/tr>\n<\/tbody>\n<\/table>\n<p><img loading=\"lazy\" decoding=\"async\" class=\"alignnone wp-image-2214\" src=\"http:\/\/www.partsandsensors.com\/wp-content\/uploads\/2025\/07\/Detail-Photos-1024x69.png\" alt=\"\" width=\"800\" height=\"54\" srcset=\"http:\/\/www.partsandsensors.com\/wp-content\/uploads\/2025\/07\/Detail-Photos-1024x69.png 1024w, http:\/\/www.partsandsensors.com\/wp-content\/uploads\/2025\/07\/Detail-Photos-300x20.png 300w, http:\/\/www.partsandsensors.com\/wp-content\/uploads\/2025\/07\/Detail-Photos-768x52.png 768w, http:\/\/www.partsandsensors.com\/wp-content\/uploads\/2025\/07\/Detail-Photos-1536x103.png 1536w, http:\/\/www.partsandsensors.com\/wp-content\/uploads\/2025\/07\/Detail-Photos-2048x138.png 2048w, http:\/\/www.partsandsensors.com\/wp-content\/uploads\/2025\/07\/Detail-Photos-18x1.png 18w, http:\/\/www.partsandsensors.com\/wp-content\/uploads\/2025\/07\/Detail-Photos-1170x79.png 1170w, http:\/\/www.partsandsensors.com\/wp-content\/uploads\/2025\/07\/Detail-Photos-600x40.png 600w\" sizes=\"auto, (max-width: 800px) 100vw, 800px\" \/><\/p>\n<p><img loading=\"lazy\" decoding=\"async\" class=\"alignnone wp-image-2450\" src=\"http:\/\/www.partsandsensors.com\/wp-content\/uploads\/2025\/07\/H21b0bdf1cd154745b9471d83f9ed09b6h-1-1024x1024.jpg\" alt=\"\" width=\"600\" height=\"600\" srcset=\"http:\/\/www.partsandsensors.com\/wp-content\/uploads\/2025\/07\/H21b0bdf1cd154745b9471d83f9ed09b6h-1-1024x1024.jpg 1024w, http:\/\/www.partsandsensors.com\/wp-content\/uploads\/2025\/07\/H21b0bdf1cd154745b9471d83f9ed09b6h-1-300x300.jpg 300w, http:\/\/www.partsandsensors.com\/wp-content\/uploads\/2025\/07\/H21b0bdf1cd154745b9471d83f9ed09b6h-1-150x150.jpg 150w, http:\/\/www.partsandsensors.com\/wp-content\/uploads\/2025\/07\/H21b0bdf1cd154745b9471d83f9ed09b6h-1-768x768.jpg 768w, http:\/\/www.partsandsensors.com\/wp-content\/uploads\/2025\/07\/H21b0bdf1cd154745b9471d83f9ed09b6h-1-12x12.jpg 12w, http:\/\/www.partsandsensors.com\/wp-content\/uploads\/2025\/07\/H21b0bdf1cd154745b9471d83f9ed09b6h-1-1170x1170.jpg 1170w, http:\/\/www.partsandsensors.com\/wp-content\/uploads\/2025\/07\/H21b0bdf1cd154745b9471d83f9ed09b6h-1-600x600.jpg 600w, http:\/\/www.partsandsensors.com\/wp-content\/uploads\/2025\/07\/H21b0bdf1cd154745b9471d83f9ed09b6h-1.jpg 1200w\" sizes=\"auto, (max-width: 600px) 100vw, 600px\" \/> <img loading=\"lazy\" decoding=\"async\" class=\"alignnone wp-image-2451\" src=\"http:\/\/www.partsandsensors.com\/wp-content\/uploads\/2025\/07\/H7aeb6aa668564588a8a6c04edaaaa2b1l-1-1024x1024.jpg\" alt=\"\" width=\"600\" height=\"600\" srcset=\"http:\/\/www.partsandsensors.com\/wp-content\/uploads\/2025\/07\/H7aeb6aa668564588a8a6c04edaaaa2b1l-1-1024x1024.jpg 1024w, http:\/\/www.partsandsensors.com\/wp-content\/uploads\/2025\/07\/H7aeb6aa668564588a8a6c04edaaaa2b1l-1-300x300.jpg 300w, http:\/\/www.partsandsensors.com\/wp-content\/uploads\/2025\/07\/H7aeb6aa668564588a8a6c04edaaaa2b1l-1-150x150.jpg 150w, http:\/\/www.partsandsensors.com\/wp-content\/uploads\/2025\/07\/H7aeb6aa668564588a8a6c04edaaaa2b1l-1-768x768.jpg 768w, http:\/\/www.partsandsensors.com\/wp-content\/uploads\/2025\/07\/H7aeb6aa668564588a8a6c04edaaaa2b1l-1-12x12.jpg 12w, http:\/\/www.partsandsensors.com\/wp-content\/uploads\/2025\/07\/H7aeb6aa668564588a8a6c04edaaaa2b1l-1-1170x1170.jpg 1170w, http:\/\/www.partsandsensors.com\/wp-content\/uploads\/2025\/07\/H7aeb6aa668564588a8a6c04edaaaa2b1l-1-600x600.jpg 600w, http:\/\/www.partsandsensors.com\/wp-content\/uploads\/2025\/07\/H7aeb6aa668564588a8a6c04edaaaa2b1l-1.jpg 1200w\" sizes=\"auto, (max-width: 600px) 100vw, 600px\" \/><\/p>\n<p><img loading=\"lazy\" decoding=\"async\" class=\"alignnone wp-image-2220\" src=\"http:\/\/www.partsandsensors.com\/wp-content\/uploads\/2025\/07\/Payment-1024x69.png\" alt=\"\" width=\"800\" height=\"54\" srcset=\"http:\/\/www.partsandsensors.com\/wp-content\/uploads\/2025\/07\/Payment-1024x69.png 1024w, http:\/\/www.partsandsensors.com\/wp-content\/uploads\/2025\/07\/Payment-300x20.png 300w, http:\/\/www.partsandsensors.com\/wp-content\/uploads\/2025\/07\/Payment-768x52.png 768w, http:\/\/www.partsandsensors.com\/wp-content\/uploads\/2025\/07\/Payment-1536x103.png 1536w, http:\/\/www.partsandsensors.com\/wp-content\/uploads\/2025\/07\/Payment-2048x138.png 2048w, http:\/\/www.partsandsensors.com\/wp-content\/uploads\/2025\/07\/Payment-18x1.png 18w, http:\/\/www.partsandsensors.com\/wp-content\/uploads\/2025\/07\/Payment-1170x79.png 1170w, http:\/\/www.partsandsensors.com\/wp-content\/uploads\/2025\/07\/Payment-600x40.png 600w\" sizes=\"auto, (max-width: 800px) 100vw, 800px\" \/><\/p>\n<p>Aceptamos pagos mediante TT (transferencia telegr\u00e1fica) y L\/C. Se requiere una cantidad m\u00ednima para L\/C. Para pedidos peque\u00f1os de<\/p>\n<p>muestras, es aceptable por Western Union, PayPal y Money gram<\/p>\n<p><img loading=\"lazy\" decoding=\"async\" class=\"alignnone wp-image-2216\" src=\"http:\/\/www.partsandsensors.com\/wp-content\/uploads\/2025\/07\/Shipment-1024x69.png\" alt=\"\" width=\"800\" height=\"54\" srcset=\"http:\/\/www.partsandsensors.com\/wp-content\/uploads\/2025\/07\/Shipment-1024x69.png 1024w, http:\/\/www.partsandsensors.com\/wp-content\/uploads\/2025\/07\/Shipment-300x20.png 300w, http:\/\/www.partsandsensors.com\/wp-content\/uploads\/2025\/07\/Shipment-768x52.png 768w, http:\/\/www.partsandsensors.com\/wp-content\/uploads\/2025\/07\/Shipment-1536x103.png 1536w, http:\/\/www.partsandsensors.com\/wp-content\/uploads\/2025\/07\/Shipment-2048x138.png 2048w, http:\/\/www.partsandsensors.com\/wp-content\/uploads\/2025\/07\/Shipment-18x1.png 18w, http:\/\/www.partsandsensors.com\/wp-content\/uploads\/2025\/07\/Shipment-1170x79.png 1170w, http:\/\/www.partsandsensors.com\/wp-content\/uploads\/2025\/07\/Shipment-600x40.png 600w\" sizes=\"auto, (max-width: 800px) 100vw, 800px\" \/><\/p>\n<p><img loading=\"lazy\" decoding=\"async\" class=\"alignnone wp-image-2219\" src=\"http:\/\/www.partsandsensors.com\/wp-content\/uploads\/2025\/07\/112985e95bd81b104d011723cbed761d-768x1024.png\" alt=\"\" width=\"600\" height=\"800\" srcset=\"http:\/\/www.partsandsensors.com\/wp-content\/uploads\/2025\/07\/112985e95bd81b104d011723cbed761d-768x1024.png 768w, http:\/\/www.partsandsensors.com\/wp-content\/uploads\/2025\/07\/112985e95bd81b104d011723cbed761d-225x300.png 225w, http:\/\/www.partsandsensors.com\/wp-content\/uploads\/2025\/07\/112985e95bd81b104d011723cbed761d-9x12.png 9w, http:\/\/www.partsandsensors.com\/wp-content\/uploads\/2025\/07\/112985e95bd81b104d011723cbed761d-600x800.png 600w, http:\/\/www.partsandsensors.com\/wp-content\/uploads\/2025\/07\/112985e95bd81b104d011723cbed761d.png 800w\" sizes=\"auto, (max-width: 600px) 100vw, 600px\" \/><\/p>\n<p><img loading=\"lazy\" decoding=\"async\" class=\"alignnone wp-image-2215\" src=\"http:\/\/www.partsandsensors.com\/wp-content\/uploads\/2025\/07\/Our-Factory3-1-1024x69.png\" alt=\"\" width=\"800\" height=\"54\" srcset=\"http:\/\/www.partsandsensors.com\/wp-content\/uploads\/2025\/07\/Our-Factory3-1-1024x69.png 1024w, http:\/\/www.partsandsensors.com\/wp-content\/uploads\/2025\/07\/Our-Factory3-1-300x20.png 300w, http:\/\/www.partsandsensors.com\/wp-content\/uploads\/2025\/07\/Our-Factory3-1-768x52.png 768w, http:\/\/www.partsandsensors.com\/wp-content\/uploads\/2025\/07\/Our-Factory3-1-1536x103.png 1536w, http:\/\/www.partsandsensors.com\/wp-content\/uploads\/2025\/07\/Our-Factory3-1-2048x138.png 2048w, http:\/\/www.partsandsensors.com\/wp-content\/uploads\/2025\/07\/Our-Factory3-1-18x1.png 18w, http:\/\/www.partsandsensors.com\/wp-content\/uploads\/2025\/07\/Our-Factory3-1-1170x79.png 1170w, http:\/\/www.partsandsensors.com\/wp-content\/uploads\/2025\/07\/Our-Factory3-1-600x40.png 600w\" sizes=\"auto, (max-width: 800px) 100vw, 800px\" \/><\/p>\n<p><img loading=\"lazy\" decoding=\"async\" class=\"alignnone wp-image-2221\" src=\"http:\/\/www.partsandsensors.com\/wp-content\/uploads\/2025\/07\/Company.jpg\" alt=\"\" width=\"750\" height=\"750\" srcset=\"http:\/\/www.partsandsensors.com\/wp-content\/uploads\/2025\/07\/Company.jpg 1002w, http:\/\/www.partsandsensors.com\/wp-content\/uploads\/2025\/07\/Company-300x300.jpg 300w, http:\/\/www.partsandsensors.com\/wp-content\/uploads\/2025\/07\/Company-150x150.jpg 150w, http:\/\/www.partsandsensors.com\/wp-content\/uploads\/2025\/07\/Company-768x768.jpg 768w, http:\/\/www.partsandsensors.com\/wp-content\/uploads\/2025\/07\/Company-12x12.jpg 12w, http:\/\/www.partsandsensors.com\/wp-content\/uploads\/2025\/07\/Company-600x600.jpg 600w\" sizes=\"auto, (max-width: 750px) 100vw, 750px\" \/> <img loading=\"lazy\" decoding=\"async\" class=\"alignnone wp-image-2222\" src=\"http:\/\/www.partsandsensors.com\/wp-content\/uploads\/2025\/07\/Company-1.jpg\" alt=\"\" width=\"750\" height=\"750\" srcset=\"http:\/\/www.partsandsensors.com\/wp-content\/uploads\/2025\/07\/Company-1.jpg 1002w, http:\/\/www.partsandsensors.com\/wp-content\/uploads\/2025\/07\/Company-1-300x300.jpg 300w, http:\/\/www.partsandsensors.com\/wp-content\/uploads\/2025\/07\/Company-1-150x150.jpg 150w, http:\/\/www.partsandsensors.com\/wp-content\/uploads\/2025\/07\/Company-1-768x768.jpg 768w, http:\/\/www.partsandsensors.com\/wp-content\/uploads\/2025\/07\/Company-1-12x12.jpg 12w, http:\/\/www.partsandsensors.com\/wp-content\/uploads\/2025\/07\/Company-1-600x600.jpg 600w\" sizes=\"auto, (max-width: 750px) 100vw, 750px\" \/> <img loading=\"lazy\" decoding=\"async\" class=\"alignnone wp-image-2223\" src=\"http:\/\/www.partsandsensors.com\/wp-content\/uploads\/2025\/07\/Company-2.jpg\" alt=\"\" width=\"750\" height=\"750\" srcset=\"http:\/\/www.partsandsensors.com\/wp-content\/uploads\/2025\/07\/Company-2.jpg 1002w, http:\/\/www.partsandsensors.com\/wp-content\/uploads\/2025\/07\/Company-2-300x300.jpg 300w, http:\/\/www.partsandsensors.com\/wp-content\/uploads\/2025\/07\/Company-2-150x150.jpg 150w, http:\/\/www.partsandsensors.com\/wp-content\/uploads\/2025\/07\/Company-2-768x768.jpg 768w, http:\/\/www.partsandsensors.com\/wp-content\/uploads\/2025\/07\/Company-2-12x12.jpg 12w, http:\/\/www.partsandsensors.com\/wp-content\/uploads\/2025\/07\/Company-2-600x600.jpg 600w\" sizes=\"auto, (max-width: 750px) 100vw, 750px\" \/><\/p>","protected":false},"excerpt":{"rendered":"<h1 title=\"Mindray EV6204 Original 0010-30-42722 Cable de host IEC de 12 clavijas y 12 terminales\" data-spm-anchor-id=\"a2700.details.0.i115.5e841f1aecydkg\">Mindray EV6204 Original 0010-30-42722 Cable de host IEC de 12 clavijas y 12 terminales<\/h1>","protected":false},"featured_media":2444,"comment_status":"open","ping_status":"closed","template":"","meta":[],"product_brand":[],"product_cat":[146,73],"product_tag":[],"class_list":{"0":"post-2443","1":"product","2":"type-product","3":"status-publish","4":"has-post-thumbnail","6":"product_cat-mindray","7":"product_cat-patient-monitor-accessories","9":"first","10":"instock","11":"shipping-taxable","12":"purchasable","13":"product-type-simple"},"yoast_head":"<!-- This site is optimized with the Yoast SEO plugin v25.9 - https:\/\/yoast.com\/wordpress\/plugins\/seo\/ -->\n<title>Mindray EV6204 Original 0010-30-42722 12Pin 12lead Host Cable IEC - SINO-K Medical<\/title>\n<meta name=\"robots\" content=\"index, follow, max-snippet:-1, max-image-preview:large, max-video-preview:-1\" \/>\n<link rel=\"canonical\" href=\"http:\/\/www.partsandsensors.com\/es\/producto\/mindray-ev6204-original-0010-30-42722-12pin-12lead-host-cable-iec\/\" \/>\n<meta property=\"og:locale\" content=\"es_ES\" \/>\n<meta property=\"og:type\" content=\"article\" \/>\n<meta property=\"og:title\" content=\"Mindray EV6204 Original 0010-30-42722 12Pin 12lead Host Cable IEC - SINO-K Medical\" \/>\n<meta property=\"og:description\" content=\"Mindray EV6204 Original 0010-30-42722 12Pin 12lead Host Cable IEC\" \/>\n<meta property=\"og:url\" content=\"http:\/\/www.partsandsensors.com\/es\/producto\/mindray-ev6204-original-0010-30-42722-12pin-12lead-host-cable-iec\/\" \/>\n<meta property=\"og:site_name\" content=\"SINO-K Medical\" \/>\n<meta property=\"og:image\" content=\"http:\/\/www.partsandsensors.com\/wp-content\/uploads\/2025\/07\/He3675af6410e45fe9d7f5df3c605f8e7d.jpg\" \/>\n\t<meta property=\"og:image:width\" content=\"1200\" \/>\n\t<meta property=\"og:image:height\" content=\"1200\" \/>\n\t<meta property=\"og:image:type\" content=\"image\/jpeg\" \/>\n<meta name=\"twitter:card\" content=\"summary_large_image\" \/>\n<meta name=\"twitter:label1\" content=\"Tiempo de lectura\" \/>\n\t<meta name=\"twitter:data1\" content=\"3 minutos\" \/>\n<script type=\"application\/ld+json\" class=\"yoast-schema-graph\">{\"@context\":\"https:\/\/schema.org\",\"@graph\":[{\"@type\":\"WebPage\",\"@id\":\"http:\/\/www.partsandsensors.com\/product\/mindray-ev6204-original-0010-30-42722-12pin-12lead-host-cable-iec\",\"url\":\"http:\/\/www.partsandsensors.com\/product\/mindray-ev6204-original-0010-30-42722-12pin-12lead-host-cable-iec\",\"name\":\"Mindray EV6204 Original 0010-30-42722 12Pin 12lead Host Cable IEC - SINO-K Medical\",\"isPartOf\":{\"@id\":\"http:\/\/www.partsandsensors.com\/#website\"},\"primaryImageOfPage\":{\"@id\":\"http:\/\/www.partsandsensors.com\/product\/mindray-ev6204-original-0010-30-42722-12pin-12lead-host-cable-iec#primaryimage\"},\"image\":{\"@id\":\"http:\/\/www.partsandsensors.com\/product\/mindray-ev6204-original-0010-30-42722-12pin-12lead-host-cable-iec#primaryimage\"},\"thumbnailUrl\":\"http:\/\/www.partsandsensors.com\/wp-content\/uploads\/2025\/07\/He3675af6410e45fe9d7f5df3c605f8e7d.jpg\",\"datePublished\":\"2025-07-28T02:13:19+00:00\",\"breadcrumb\":{\"@id\":\"http:\/\/www.partsandsensors.com\/product\/mindray-ev6204-original-0010-30-42722-12pin-12lead-host-cable-iec#breadcrumb\"},\"inLanguage\":\"es\",\"potentialAction\":[{\"@type\":\"ReadAction\",\"target\":[\"http:\/\/www.partsandsensors.com\/product\/mindray-ev6204-original-0010-30-42722-12pin-12lead-host-cable-iec\"]}]},{\"@type\":\"ImageObject\",\"inLanguage\":\"es\",\"@id\":\"http:\/\/www.partsandsensors.com\/product\/mindray-ev6204-original-0010-30-42722-12pin-12lead-host-cable-iec#primaryimage\",\"url\":\"http:\/\/www.partsandsensors.com\/wp-content\/uploads\/2025\/07\/He3675af6410e45fe9d7f5df3c605f8e7d.jpg\",\"contentUrl\":\"http:\/\/www.partsandsensors.com\/wp-content\/uploads\/2025\/07\/He3675af6410e45fe9d7f5df3c605f8e7d.jpg\",\"width\":1200,\"height\":1200},{\"@type\":\"BreadcrumbList\",\"@id\":\"http:\/\/www.partsandsensors.com\/product\/mindray-ev6204-original-0010-30-42722-12pin-12lead-host-cable-iec#breadcrumb\",\"itemListElement\":[{\"@type\":\"ListItem\",\"position\":1,\"name\":\"Home\",\"item\":\"http:\/\/www.partsandsensors.com\/\"},{\"@type\":\"ListItem\",\"position\":2,\"name\":\"\u5546\u5e97\",\"item\":\"http:\/\/www.partsandsensors.com\/shop\"},{\"@type\":\"ListItem\",\"position\":3,\"name\":\"Mindray EV6204 Original 0010-30-42722 12Pin 12lead Host Cable IEC\"}]},{\"@type\":\"WebSite\",\"@id\":\"http:\/\/www.partsandsensors.com\/#website\",\"url\":\"http:\/\/www.partsandsensors.com\/\",\"name\":\"SINO-K Medical\",\"description\":\"Original parts and Sensor\",\"potentialAction\":[{\"@type\":\"SearchAction\",\"target\":{\"@type\":\"EntryPoint\",\"urlTemplate\":\"http:\/\/www.partsandsensors.com\/?s={search_term_string}\"},\"query-input\":{\"@type\":\"PropertyValueSpecification\",\"valueRequired\":true,\"valueName\":\"search_term_string\"}}],\"inLanguage\":\"es\"}]}<\/script>\n<!-- \/ Yoast SEO plugin. -->","yoast_head_json":{"title":"Mindray EV6204 Original 0010-30-42722 12Pin 12lead Host Cable IEC - SINO-K Medical","robots":{"index":"index","follow":"follow","max-snippet":"max-snippet:-1","max-image-preview":"max-image-preview:large","max-video-preview":"max-video-preview:-1"},"canonical":"http:\/\/www.partsandsensors.com\/es\/producto\/mindray-ev6204-original-0010-30-42722-12pin-12lead-host-cable-iec\/","og_locale":"es_ES","og_type":"article","og_title":"Mindray EV6204 Original 0010-30-42722 12Pin 12lead Host Cable IEC - SINO-K Medical","og_description":"Mindray EV6204 Original 0010-30-42722 12Pin 12lead Host Cable IEC","og_url":"http:\/\/www.partsandsensors.com\/es\/producto\/mindray-ev6204-original-0010-30-42722-12pin-12lead-host-cable-iec\/","og_site_name":"SINO-K Medical","og_image":[{"width":1200,"height":1200,"url":"http:\/\/www.partsandsensors.com\/wp-content\/uploads\/2025\/07\/He3675af6410e45fe9d7f5df3c605f8e7d.jpg","type":"image\/jpeg"}],"twitter_card":"summary_large_image","twitter_misc":{"Tiempo de lectura":"3 minutos"},"schema":{"@context":"https:\/\/schema.org","@graph":[{"@type":"WebPage","@id":"http:\/\/www.partsandsensors.com\/product\/mindray-ev6204-original-0010-30-42722-12pin-12lead-host-cable-iec","url":"http:\/\/www.partsandsensors.com\/product\/mindray-ev6204-original-0010-30-42722-12pin-12lead-host-cable-iec","name":"Mindray EV6204 Original 0010-30-42722 12Pin 12lead Host Cable IEC - SINO-K Medical","isPartOf":{"@id":"http:\/\/www.partsandsensors.com\/#website"},"primaryImageOfPage":{"@id":"http:\/\/www.partsandsensors.com\/product\/mindray-ev6204-original-0010-30-42722-12pin-12lead-host-cable-iec#primaryimage"},"image":{"@id":"http:\/\/www.partsandsensors.com\/product\/mindray-ev6204-original-0010-30-42722-12pin-12lead-host-cable-iec#primaryimage"},"thumbnailUrl":"http:\/\/www.partsandsensors.com\/wp-content\/uploads\/2025\/07\/He3675af6410e45fe9d7f5df3c605f8e7d.jpg","datePublished":"2025-07-28T02:13:19+00:00","breadcrumb":{"@id":"http:\/\/www.partsandsensors.com\/product\/mindray-ev6204-original-0010-30-42722-12pin-12lead-host-cable-iec#breadcrumb"},"inLanguage":"es","potentialAction":[{"@type":"ReadAction","target":["http:\/\/www.partsandsensors.com\/product\/mindray-ev6204-original-0010-30-42722-12pin-12lead-host-cable-iec"]}]},{"@type":"ImageObject","inLanguage":"es","@id":"http:\/\/www.partsandsensors.com\/product\/mindray-ev6204-original-0010-30-42722-12pin-12lead-host-cable-iec#primaryimage","url":"http:\/\/www.partsandsensors.com\/wp-content\/uploads\/2025\/07\/He3675af6410e45fe9d7f5df3c605f8e7d.jpg","contentUrl":"http:\/\/www.partsandsensors.com\/wp-content\/uploads\/2025\/07\/He3675af6410e45fe9d7f5df3c605f8e7d.jpg","width":1200,"height":1200},{"@type":"BreadcrumbList","@id":"http:\/\/www.partsandsensors.com\/product\/mindray-ev6204-original-0010-30-42722-12pin-12lead-host-cable-iec#breadcrumb","itemListElement":[{"@type":"ListItem","position":1,"name":"Home","item":"http:\/\/www.partsandsensors.com\/"},{"@type":"ListItem","position":2,"name":"\u5546\u5e97","item":"http:\/\/www.partsandsensors.com\/shop"},{"@type":"ListItem","position":3,"name":"Mindray EV6204 Original 0010-30-42722 12Pin 12lead Host Cable IEC"}]},{"@type":"WebSite","@id":"http:\/\/www.partsandsensors.com\/#website","url":"http:\/\/www.partsandsensors.com\/","name":"SINO-K M\u00e9dico","description":"Piezas originales y sensor","potentialAction":[{"@type":"SearchAction","target":{"@type":"EntryPoint","urlTemplate":"http:\/\/www.partsandsensors.com\/?s={search_term_string}"},"query-input":{"@type":"PropertyValueSpecification","valueRequired":true,"valueName":"search_term_string"}}],"inLanguage":"es"}]}},"_links":{"self":[{"href":"http:\/\/www.partsandsensors.com\/es\/wp-json\/wp\/v2\/product\/2443","targetHints":{"allow":["GET"]}}],"collection":[{"href":"http:\/\/www.partsandsensors.com\/es\/wp-json\/wp\/v2\/product"}],"about":[{"href":"http:\/\/www.partsandsensors.com\/es\/wp-json\/wp\/v2\/types\/product"}],"replies":[{"embeddable":true,"href":"http:\/\/www.partsandsensors.com\/es\/wp-json\/wp\/v2\/comments?post=2443"}],"wp:featuredmedia":[{"embeddable":true,"href":"http:\/\/www.partsandsensors.com\/es\/wp-json\/wp\/v2\/media\/2444"}],"wp:attachment":[{"href":"http:\/\/www.partsandsensors.com\/es\/wp-json\/wp\/v2\/media?parent=2443"}],"wp:term":[{"taxonomy":"product_brand","embeddable":true,"href":"http:\/\/www.partsandsensors.com\/es\/wp-json\/wp\/v2\/product_brand?post=2443"},{"taxonomy":"product_cat","embeddable":true,"href":"http:\/\/www.partsandsensors.com\/es\/wp-json\/wp\/v2\/product_cat?post=2443"},{"taxonomy":"product_tag","embeddable":true,"href":"http:\/\/www.partsandsensors.com\/es\/wp-json\/wp\/v2\/product_tag?post=2443"}],"curies":[{"name":"wp","href":"https:\/\/api.w.org\/{rel}","templated":true}]}}